{"id":3699,"date":"2022-08-30T16:21:19","date_gmt":"2022-08-30T14:21:19","guid":{"rendered":"https:\/\/www.smakosz.nl\/obiady\/?page_id=3699"},"modified":"2022-11-15T20:37:48","modified_gmt":"2022-11-15T19:37:48","slug":"spis-dan","status":"publish","type":"page","link":"https:\/\/www.smakosz.nl\/obiady\/spis-dan\/","title":{"rendered":"Spis Da\u0144"},"content":{"rendered":"\n<ol><li>Pierogi z kapust\u0105 i grzybami, z mi\u0119sem, ruskie<\/li><li>Kotlet de volaille<\/li><li>Placek po w\u0119giersku<\/li><li>Bigos z par\u00f3wka i bu\u0142k\u0105<\/li><li>Kotlet schabowy z pieczarkami<\/li><li>Nale\u015bniki na s\u0142odko<\/li><li>Nale\u015bniki na s\u0142ono<\/li><li>Zrazy<\/li><li>Kopytka w sosie pieczarkowym<\/li><li>Filet z kurczaka <\/li><li>Spaghetti <\/li><li>Udko pieczone w sosie pieczeniowym<\/li><li>Penne z kurczakiem <\/li><li>Tortilla<\/li><li>Go\u0142\u0105bki<\/li><li>Krokiety z mi\u0119sem i kapust\u0105 z grzybami<\/li><li>Kotlet mielony<\/li><\/ol>\n","protected":false},"excerpt":{"rendered":"<p>Pierogi z kapust\u0105 i grzybami, z mi\u0119sem, ruskie Kotlet de volaille Placek po w\u0119giersku Bigos z par\u00f3wka i bu\u0142k\u0105 Kotlet schabowy z pieczarkami Nale\u015bniki na s\u0142odko Nale\u015bniki na s\u0142ono Zrazy Kopytka w sosie pieczarkowym Filet z kurczaka Spaghetti Udko pieczone w sosie pieczeniowym Penne z kurczakiem Tortilla Go\u0142\u0105bki Krokiety z mi\u0119sem i kapust\u0105 z grzybami<\/p>\n<div class=\"klb-readmore entry-button\"><a class=\"button\" href=\"https:\/\/www.smakosz.nl\/obiady\/spis-dan\/\">Czytaj Wi\u0119cej<\/a><\/div>\n","protected":false},"author":1,"featured_media":0,"parent":0,"menu_order":0,"comment_status":"closed","ping_status":"closed","template":"","meta":{"_joinchat":[]},"_links":{"self":[{"href":"https:\/\/www.smakosz.nl\/obiady\/wp-json\/wp\/v2\/pages\/3699"}],"collection":[{"href":"https:\/\/www.smakosz.nl\/obiady\/wp-json\/wp\/v2\/pages"}],"about":[{"href":"https:\/\/www.smakosz.nl\/obiady\/wp-json\/wp\/v2\/types\/page"}],"author":[{"embeddable":true,"href":"https:\/\/www.smakosz.nl\/obiady\/wp-json\/wp\/v2\/users\/1"}],"replies":[{"embeddable":true,"href":"https:\/\/www.smakosz.nl\/obiady\/wp-json\/wp\/v2\/comments?post=3699"}],"version-history":[{"count":8,"href":"https:\/\/www.smakosz.nl\/obiady\/wp-json\/wp\/v2\/pages\/3699\/revisions"}],"predecessor-version":[{"id":4524,"href":"https:\/\/www.smakosz.nl\/obiady\/wp-json\/wp\/v2\/pages\/3699\/revisions\/4524"}],"wp:attachment":[{"href":"https:\/\/www.smakosz.nl\/obiady\/wp-json\/wp\/v2\/media?parent=3699"}],"curies":[{"name":"wp","href":"https:\/\/api.w.org\/{rel}","templated":true}]}}