{"id":1685,"date":"2021-05-20T04:48:11","date_gmt":"2021-05-20T04:48:11","guid":{"rendered":"https:\/\/klbtheme.com\/bacola\/?page_id=1685"},"modified":"2022-08-31T23:08:58","modified_gmt":"2022-08-31T21:08:58","slug":"kontakt","status":"publish","type":"page","link":"https:\/\/www.smakosz.nl\/obiady\/kontakt\/","title":{"rendered":"Kontakt"},"content":{"rendered":"\t\t<div data-elementor-type=\"wp-page\" data-elementor-id=\"1685\" class=\"elementor elementor-1685\">\n\t\t\t\t\t\t<section class=\"elementor-section elementor-top-section elementor-element elementor-element-a65fc9f elementor-section-boxed elementor-section-height-default elementor-section-height-default\" data-id=\"a65fc9f\" data-element_type=\"section\">\n\t\t\t\t\t\t<div class=\"elementor-container elementor-column-gap-extended\">\n\t\t\t\t\t<div class=\"elementor-column elementor-col-100 elementor-top-column elementor-element elementor-element-e60227a\" data-id=\"e60227a\" data-element_type=\"column\">\n\t\t\t<div class=\"elementor-widget-wrap elementor-element-populated\">\n\t\t\t\t\t\t<section class=\"elementor-section elementor-inner-section elementor-element elementor-element-f536dd6 elementor-section-boxed elementor-section-height-default elementor-section-height-default\" data-id=\"f536dd6\" data-element_type=\"section\">\n\t\t\t\t\t\t<div class=\"elementor-container elementor-column-gap-no\">\n\t\t\t\t\t<div class=\"elementor-column elementor-col-100 elementor-inner-column elementor-element elementor-element-aa801f7\" data-id=\"aa801f7\" data-element_type=\"column\">\n\t\t\t<div class=\"elementor-widget-wrap elementor-element-populated\">\n\t\t\t\t\t\t<div class=\"elementor-element elementor-element-4cfc479 elementor-widget elementor-widget-heading\" data-id=\"4cfc479\" data-element_type=\"widget\" data-widget_type=\"heading.default\">\n\t\t\t\t<div class=\"elementor-widget-container\">\n\t\t\t<style>\/*! elementor - v3.19.0 - 29-01-2024 *\/\n.elementor-heading-title{padding:0;margin:0;line-height:1}.elementor-widget-heading .elementor-heading-title[class*=elementor-size-]>a{color:inherit;font-size:inherit;line-height:inherit}.elementor-widget-heading .elementor-heading-title.elementor-size-small{font-size:15px}.elementor-widget-heading .elementor-heading-title.elementor-size-medium{font-size:19px}.elementor-widget-heading .elementor-heading-title.elementor-size-large{font-size:29px}.elementor-widget-heading .elementor-heading-title.elementor-size-xl{font-size:39px}.elementor-widget-heading .elementor-heading-title.elementor-size-xxl{font-size:59px}<\/style><h1 class=\"elementor-heading-title elementor-size-default\">Skontaktuj si\u0119 z nami<\/h1>\t\t<\/div>\n\t\t\t\t<\/div>\n\t\t\t\t\t<\/div>\n\t\t<\/div>\n\t\t\t\t\t<\/div>\n\t\t<\/section>\n\t\t\t\t<section class=\"elementor-section elementor-inner-section elementor-element elementor-element-c431c4d elementor-section-boxed elementor-section-height-default elementor-section-height-default\" data-id=\"c431c4d\" data-element_type=\"section\">\n\t\t\t\t\t\t<div class=\"elementor-container elementor-column-gap-no\">\n\t\t\t\t\t<div class=\"elementor-column elementor-col-100 elementor-inner-column elementor-element elementor-element-101c476\" data-id=\"101c476\" data-element_type=\"column\">\n\t\t\t<div class=\"elementor-widget-wrap elementor-element-populated\">\n\t\t\t\t\t\t<div class=\"elementor-element elementor-element-54306c4 elementor-widget elementor-widget-heading\" data-id=\"54306c4\" data-element_type=\"widget\" data-widget_type=\"heading.default\">\n\t\t\t\t<div class=\"elementor-widget-container\">\n\t\t\t<p class=\"elementor-heading-title elementor-size-default\">Je\u015bli potrzebujesz jakichkolwiek dodatkowych informacji - napisz do nas \u015bmia\u0142o!<\/p>\t\t<\/div>\n\t\t\t\t<\/div>\n\t\t\t\t\t<\/div>\n\t\t<\/div>\n\t\t\t\t\t<\/div>\n\t\t<\/section>\n\t\t\t\t\t<\/div>\n\t\t<\/div>\n\t\t\t\t\t<\/div>\n\t\t<\/section>\n\t\t\t\t<section class=\"elementor-section elementor-top-section elementor-element elementor-element-f9ec84e elementor-section-boxed elementor-section-height-default elementor-section-height-default\" data-id=\"f9ec84e\" data-element_type=\"section\">\n\t\t\t\t\t\t<div class=\"elementor-container elementor-column-gap-extended\">\n\t\t\t\t\t<div class=\"elementor-column elementor-col-50 elementor-top-column elementor-element elementor-element-6e6ebae\" data-id=\"6e6ebae\" data-element_type=\"column\">\n\t\t\t<div class=\"elementor-widget-wrap elementor-element-populated\">\n\t\t\t\t\t\t<div class=\"elementor-element elementor-element-6710b9c elementor-widget elementor-widget-bacola-icon-box\" data-id=\"6710b9c\" data-element_type=\"widget\" data-widget_type=\"bacola-icon-box.default\">\n\t\t\t\t<div class=\"elementor-widget-container\">\n\t\t\t<div class=\"klb-icon-box contact-icon\"><i class=\"klbth-icon-location\"><\/i><h5 class=\"entry-title\">Oosterhout<\/h5><p>4901<\/p><\/div>\t\t<\/div>\n\t\t\t\t<\/div>\n\t\t\t\t\t<\/div>\n\t\t<\/div>\n\t\t\t\t<div class=\"elementor-column elementor-col-50 elementor-top-column elementor-element elementor-element-d839599\" data-id=\"d839599\" data-element_type=\"column\">\n\t\t\t<div class=\"elementor-widget-wrap elementor-element-populated\">\n\t\t\t\t\t\t<div class=\"elementor-element elementor-element-075da15 elementor-widget elementor-widget-bacola-icon-box\" data-id=\"075da15\" data-element_type=\"widget\" data-widget_type=\"bacola-icon-box.default\">\n\t\t\t\t<div class=\"elementor-widget-container\">\n\t\t\t<div class=\"klb-icon-box contact-icon\"><i class=\"klbth-icon-mail\"><\/i><h5 class=\"entry-title\">kontakt@smakosz.nl<\/h5><p>Napisz je\u015bli potrzebujesz wi\u0119cej informacji<\/p><\/div>\t\t<\/div>\n\t\t\t\t<\/div>\n\t\t\t\t\t<\/div>\n\t\t<\/div>\n\t\t\t\t\t<\/div>\n\t\t<\/section>\n\t\t\t\t<section class=\"elementor-section elementor-top-section elementor-element elementor-element-4ed59ca elementor-section-boxed elementor-section-height-default elementor-section-height-default\" data-id=\"4ed59ca\" data-element_type=\"section\">\n\t\t\t\t\t\t<div class=\"elementor-container elementor-column-gap-extended\">\n\t\t\t\t\t<div class=\"elementor-column elementor-col-100 elementor-top-column elementor-element elementor-element-ffbccf2\" data-id=\"ffbccf2\" data-element_type=\"column\">\n\t\t\t<div class=\"elementor-widget-wrap elementor-element-populated\">\n\t\t\t\t\t\t<div class=\"elementor-element elementor-element-cfe8f0f elementor-widget elementor-widget-bacola-contact-form-7\" data-id=\"cfe8f0f\" data-element_type=\"widget\" data-widget_type=\"bacola-contact-form-7.default\">\n\t\t\t\t<div class=\"elementor-widget-container\">\n\t\t\t<div class=\"klb-contact-form contact-form-wrapper\"><div class=\"form-wrapper\"><div class=\"contact-header\"><h2>Wiadomo\u015b\u0107<\/h2><p>Zadaj pytanie<\/p><\/div><!-- contact-header --><div class=\"cf7sg-container cf7sg-not-grid\"><div id=\"cf7sg-form-bacola-contact-polski\" class=\" key_bacola-contact-polski\">\n<div class=\"wpcf7 no-js\" id=\"wpcf7-f2287-o1\" lang=\"pl-PL\" dir=\"ltr\">\n<div class=\"screen-reader-response\"><p role=\"status\" aria-live=\"polite\" aria-atomic=\"true\"><\/p> <ul><\/ul><\/div>\n<form action=\"\/obiady\/wp-json\/wp\/v2\/pages\/1685#wpcf7-f2287-o1\" method=\"post\" class=\"wpcf7-form init\" aria-label=\"Contact form\" novalidate=\"novalidate\" data-status=\"init\">\n<div style=\"display: none;\">\n<input type=\"hidden\" name=\"_wpcf7\" value=\"2287\" \/>\n<input type=\"hidden\" name=\"_wpcf7_version\" value=\"5.7.7\" \/>\n<input type=\"hidden\" name=\"_wpcf7_locale\" value=\"pl_PL\" \/>\n<input type=\"hidden\" name=\"_wpcf7_unit_tag\" value=\"wpcf7-f2287-o1\" \/>\n<input type=\"hidden\" name=\"_wpcf7_container_post\" value=\"0\" \/>\n<input type=\"hidden\" name=\"_wpcf7_posted_data_hash\" value=\"\" \/>\n<input type=\"hidden\" name=\"_wpcf7_key\" value=\"bacola-contact-polski\" \/>\n<input type=\"hidden\" name=\"_cf7sg_toggles\" value=\"\" \/>\n<input type=\"hidden\" name=\"_cf7sg_version\" value=\"4.15.7\" \/>\n<input type=\"hidden\" name=\"_wpnonce\" value=\"f33116f9d6\" \/>\n<input type=\"hidden\" name=\"_wpcf7_lang\" value=\"\" \/>\n<\/div>\n<div class=\"row\">\n\t<div class=\"col-12 col-lg-6\">\n\t\t<p><label> Imi\u0119 i nazwisko * <\/label><br \/>\n<span class=\"wpcf7-form-control-wrap\" data-name=\"your-name\"><input size=\"40\" class=\"wpcf7-form-control wpcf7-text wpcf7-validates-as-required\" aria-required=\"true\" aria-invalid=\"false\" value=\"\" type=\"text\" name=\"your-name\" \/><\/span>\n\t\t<\/p>\n\t<\/div>\n\t<div class=\"col-12 col-lg-6\">\n\t\t<p><label> Email *<\/label><br \/>\n<span class=\"wpcf7-form-control-wrap\" data-name=\"your-email\"><input size=\"40\" class=\"wpcf7-form-control wpcf7-text wpcf7-email wpcf7-validates-as-required wpcf7-validates-as-email\" aria-required=\"true\" aria-invalid=\"false\" value=\"\" type=\"email\" name=\"your-email\" \/><\/span>\n\t\t<\/p>\n\t<\/div>\n\t<div class=\"col-12 col-lg-12\">\n\t\t<p><label> Temat * <\/label><br \/>\n<span class=\"wpcf7-form-control-wrap\" data-name=\"your-subject\"><input size=\"40\" class=\"wpcf7-form-control wpcf7-text wpcf7-validates-as-required\" aria-required=\"true\" aria-invalid=\"false\" value=\"\" type=\"text\" name=\"your-subject\" \/><\/span>\n\t\t<\/p>\n\t<\/div>\n\t<div class=\"col-12 col-lg-12\">\n\t\t<p><label> Wiadomo\u015b\u0107 <\/label><br \/>\n<span class=\"wpcf7-form-control-wrap\" data-name=\"your-message\"><textarea cols=\"40\" rows=\"10\" class=\"wpcf7-form-control wpcf7-textarea\" aria-invalid=\"false\" name=\"your-message\"><\/textarea><\/span>\n\t\t<\/p>\n\t<\/div>\n\t<div class=\"col-12 col-lg-12\">\n\t\t<p><input class=\"wpcf7-form-control has-spinner wpcf7-submit\" type=\"submit\" value=\"Wy\u015blij\" \/>\n\t\t<\/p>\n\t<\/div>\n<\/div><div class=\"wpcf7-response-output\" aria-hidden=\"true\"><\/div>\n<\/form>\n<\/div>\n<\/div><\/div><\/div><!-- form-wrapper --><\/div><!-- contact-form-wrapper -->\t\t<\/div>\n\t\t\t\t<\/div>\n\t\t\t\t\t<\/div>\n\t\t<\/div>\n\t\t\t\t\t<\/div>\n\t\t<\/section>\n\t\t\t\t<\/div>\n\t\t","protected":false},"excerpt":{"rendered":"<p>Skontaktuj si\u0119 z nami Je\u015bli potrzebujesz jakichkolwiek dodatkowych informacji &#8211; napisz do nas \u015bmia\u0142o! Oosterhout 4901 kontakt@smakosz.nl Napisz je\u015bli potrzebujesz wi\u0119cej informacji Wiadomo\u015b\u0107 Zadaj pytanie Imi\u0119 i nazwisko * Email * Temat * Wadomo\u015b\u0107<\/p>\n","protected":false},"author":1,"featured_media":0,"parent":0,"menu_order":0,"comment_status":"closed","ping_status":"closed","template":"","meta":{"_joinchat":[]},"_links":{"self":[{"href":"https:\/\/www.smakosz.nl\/obiady\/wp-json\/wp\/v2\/pages\/1685"}],"collection":[{"href":"https:\/\/www.smakosz.nl\/obiady\/wp-json\/wp\/v2\/pages"}],"about":[{"href":"https:\/\/www.smakosz.nl\/obiady\/wp-json\/wp\/v2\/types\/page"}],"author":[{"embeddable":true,"href":"https:\/\/www.smakosz.nl\/obiady\/wp-json\/wp\/v2\/users\/1"}],"replies":[{"embeddable":true,"href":"https:\/\/www.smakosz.nl\/obiady\/wp-json\/wp\/v2\/comments?post=1685"}],"version-history":[{"count":20,"href":"https:\/\/www.smakosz.nl\/obiady\/wp-json\/wp\/v2\/pages\/1685\/revisions"}],"predecessor-version":[{"id":3715,"href":"https:\/\/www.smakosz.nl\/obiady\/wp-json\/wp\/v2\/pages\/1685\/revisions\/3715"}],"wp:attachment":[{"href":"https:\/\/www.smakosz.nl\/obiady\/wp-json\/wp\/v2\/media?parent=1685"}],"curies":[{"name":"wp","href":"https:\/\/api.w.org\/{rel}","templated":true}]}}